{"id":1052,"date":"2019-10-21T15:12:04","date_gmt":"2019-10-21T21:12:04","guid":{"rendered":"https:\/\/fostersresort.com\/testimonios\/"},"modified":"2019-11-25T19:45:51","modified_gmt":"2019-11-26T01:45:51","slug":"testimonios","status":"publish","type":"page","link":"https:\/\/fostersresort.com\/es\/testimonios\/","title":{"rendered":"Testimonios"},"content":{"rendered":"<p>[et_pb_section fb_built=&#8221;1&#8243; _builder_version=&#8221;3.24.1&#8243; background_image=&#8221;http:\/\/www.fostersresort.com\/wp-content\/uploads\/2018\/11\/bkgrgr.png&#8221; background_size=&#8221;initial&#8221; background_repeat=&#8221;repeat&#8221; inner_width_tablet=&#8221;50px&#8221; inner_max_width_tablet=&#8221;100px&#8221; inner_max_width_phone=&#8221;50px&#8221; z_index_tablet=&#8221;500&#8243; box_shadow_horizontal_tablet=&#8221;0px&#8221; box_shadow_vertical_tablet=&#8221;0px&#8221; box_shadow_blur_tablet=&#8221;40px&#8221; box_shadow_spread_tablet=&#8221;0px&#8221;][et_pb_row _builder_version=&#8221;3.25&#8243; background_size=&#8221;initial&#8221; background_position=&#8221;top_left&#8221; background_repeat=&#8221;repeat&#8221;][et_pb_column type=&#8221;4_4&#8243; _builder_version=&#8221;3.25&#8243; custom_padding=&#8221;|||&#8221; custom_padding__hover=&#8221;|||&#8221;][et_pb_testimonial author=&#8221;Bruce Rock&#8221; _builder_version=&#8221;4.0.6&#8243; z_index_tablet=&#8221;500&#8243; hover_enabled=&#8221;0&#8243; author_text_shadow_horizontal_length_tablet=&#8221;0px&#8221; author_text_shadow_vertical_length_tablet=&#8221;0px&#8221; author_text_shadow_blur_strength_tablet=&#8221;1px&#8221; position_text_shadow_horizontal_length_tablet=&#8221;0px&#8221; position_text_shadow_vertical_length_tablet=&#8221;0px&#8221; position_text_shadow_blur_strength_tablet=&#8221;1px&#8221; company_text_shadow_horizontal_length_tablet=&#8221;0px&#8221; company_text_shadow_vertical_length_tablet=&#8221;0px&#8221; company_text_shadow_blur_strength_tablet=&#8221;1px&#8221; body_link_text_shadow_horizontal_length_tablet=&#8221;0px&#8221; body_link_text_shadow_vertical_length_tablet=&#8221;0px&#8221; body_link_text_shadow_blur_strength_tablet=&#8221;1px&#8221; body_ul_text_shadow_horizontal_length_tablet=&#8221;0px&#8221; body_ul_text_shadow_vertical_length_tablet=&#8221;0px&#8221; body_ul_text_shadow_blur_strength_tablet=&#8221;1px&#8221; body_ol_text_shadow_horizontal_length_tablet=&#8221;0px&#8221; body_ol_text_shadow_vertical_length_tablet=&#8221;0px&#8221; body_ol_text_shadow_blur_strength_tablet=&#8221;1px&#8221; body_quote_text_shadow_horizontal_length_tablet=&#8221;0px&#8221; body_quote_text_shadow_vertical_length_tablet=&#8221;0px&#8221; body_quote_text_shadow_blur_strength_tablet=&#8221;1px&#8221; box_shadow_horizontal_tablet=&#8221;0px&#8221; box_shadow_vertical_tablet=&#8221;0px&#8221; box_shadow_blur_tablet=&#8221;40px&#8221; box_shadow_spread_tablet=&#8221;0px&#8221; box_shadow_horizontal_image_tablet=&#8221;0px&#8221; box_shadow_vertical_image_tablet=&#8221;0px&#8221; box_shadow_blur_image_tablet=&#8221;40px&#8221; box_shadow_spread_image_tablet=&#8221;0px&#8221; text_shadow_horizontal_length_tablet=&#8221;0px&#8221; text_shadow_vertical_length_tablet=&#8221;0px&#8221; text_shadow_blur_strength_tablet=&#8221;1px&#8221;]<\/p>\n<h3>Foster&#8217;s Resort Roatan<\/h3>\n<p>Todo a tu alcance y una hermosa playa.<br \/>\n[\/et_pb_testimonial][et_pb_testimonial author=&#8221;Claudia Edom &#8221; _builder_version=&#8221;4.0.6&#8243; z_index_tablet=&#8221;500&#8243; hover_enabled=&#8221;0&#8243; author_text_shadow_horizontal_length_tablet=&#8221;0px&#8221; author_text_shadow_vertical_length_tablet=&#8221;0px&#8221; author_text_shadow_blur_strength_tablet=&#8221;1px&#8221; position_text_shadow_horizontal_length_tablet=&#8221;0px&#8221; position_text_shadow_vertical_length_tablet=&#8221;0px&#8221; position_text_shadow_blur_strength_tablet=&#8221;1px&#8221; company_text_shadow_horizontal_length_tablet=&#8221;0px&#8221; company_text_shadow_vertical_length_tablet=&#8221;0px&#8221; company_text_shadow_blur_strength_tablet=&#8221;1px&#8221; body_link_text_shadow_horizontal_length_tablet=&#8221;0px&#8221; body_link_text_shadow_vertical_length_tablet=&#8221;0px&#8221; body_link_text_shadow_blur_strength_tablet=&#8221;1px&#8221; body_ul_text_shadow_horizontal_length_tablet=&#8221;0px&#8221; body_ul_text_shadow_vertical_length_tablet=&#8221;0px&#8221; body_ul_text_shadow_blur_strength_tablet=&#8221;1px&#8221; body_ol_text_shadow_horizontal_length_tablet=&#8221;0px&#8221; body_ol_text_shadow_vertical_length_tablet=&#8221;0px&#8221; body_ol_text_shadow_blur_strength_tablet=&#8221;1px&#8221; body_quote_text_shadow_horizontal_length_tablet=&#8221;0px&#8221; body_quote_text_shadow_vertical_length_tablet=&#8221;0px&#8221; body_quote_text_shadow_blur_strength_tablet=&#8221;1px&#8221; box_shadow_horizontal_tablet=&#8221;0px&#8221; box_shadow_vertical_tablet=&#8221;0px&#8221; box_shadow_blur_tablet=&#8221;40px&#8221; box_shadow_spread_tablet=&#8221;0px&#8221; box_shadow_horizontal_image_tablet=&#8221;0px&#8221; box_shadow_vertical_image_tablet=&#8221;0px&#8221; box_shadow_blur_image_tablet=&#8221;40px&#8221; box_shadow_spread_image_tablet=&#8221;0px&#8221; text_shadow_horizontal_length_tablet=&#8221;0px&#8221; text_shadow_vertical_length_tablet=&#8221;0px&#8221; text_shadow_blur_strength_tablet=&#8221;1px&#8221;]<\/p>\n<h3>Quiero decir gracias&#8230;<\/h3>\n<p>Quiero decir gracias, podr\u00eda haber dado 5 estrellas, pero tengo que decir que el wifi era un poco lento \ud83d\ude0c muy buen servicio al cliente, precio excelente, mi habitaci\u00f3n muy limpia, comida deliciosa, no puedo esperar a volver&#8230; \u00bfQu\u00e9 m\u00e1s puedo pedir?<br \/>\n[\/et_pb_testimonial][et_pb_testimonial author=&#8221;Julio Gaspar&#8221; _builder_version=&#8221;4.0.6&#8243; z_index_tablet=&#8221;500&#8243; hover_enabled=&#8221;0&#8243; author_text_shadow_horizontal_length_tablet=&#8221;0px&#8221; author_text_shadow_vertical_length_tablet=&#8221;0px&#8221; author_text_shadow_blur_strength_tablet=&#8221;1px&#8221; position_text_shadow_horizontal_length_tablet=&#8221;0px&#8221; position_text_shadow_vertical_length_tablet=&#8221;0px&#8221; position_text_shadow_blur_strength_tablet=&#8221;1px&#8221; company_text_shadow_horizontal_length_tablet=&#8221;0px&#8221; company_text_shadow_vertical_length_tablet=&#8221;0px&#8221; company_text_shadow_blur_strength_tablet=&#8221;1px&#8221; body_link_text_shadow_horizontal_length_tablet=&#8221;0px&#8221; body_link_text_shadow_vertical_length_tablet=&#8221;0px&#8221; body_link_text_shadow_blur_strength_tablet=&#8221;1px&#8221; body_ul_text_shadow_horizontal_length_tablet=&#8221;0px&#8221; body_ul_text_shadow_vertical_length_tablet=&#8221;0px&#8221; body_ul_text_shadow_blur_strength_tablet=&#8221;1px&#8221; body_ol_text_shadow_horizontal_length_tablet=&#8221;0px&#8221; body_ol_text_shadow_vertical_length_tablet=&#8221;0px&#8221; body_ol_text_shadow_blur_strength_tablet=&#8221;1px&#8221; body_quote_text_shadow_horizontal_length_tablet=&#8221;0px&#8221; body_quote_text_shadow_vertical_length_tablet=&#8221;0px&#8221; body_quote_text_shadow_blur_strength_tablet=&#8221;1px&#8221; box_shadow_horizontal_tablet=&#8221;0px&#8221; box_shadow_vertical_tablet=&#8221;0px&#8221; box_shadow_blur_tablet=&#8221;40px&#8221; box_shadow_spread_tablet=&#8221;0px&#8221; box_shadow_horizontal_image_tablet=&#8221;0px&#8221; box_shadow_vertical_image_tablet=&#8221;0px&#8221; box_shadow_blur_image_tablet=&#8221;40px&#8221; box_shadow_spread_image_tablet=&#8221;0px&#8221; text_shadow_horizontal_length_tablet=&#8221;0px&#8221; text_shadow_vertical_length_tablet=&#8221;0px&#8221; text_shadow_blur_strength_tablet=&#8221;1px&#8221;]<\/p>\n<h3>Gracias!<\/h3>\n<p>Nuestra habitaci\u00f3n era estupenda con todo lo que necesit\u00e1bamos.<br \/>\n[\/et_pb_testimonial][et_pb_testimonial author=&#8221;reyesjuan06&#8243; job_title=&#8221;Tripadvisor \u00b7 11 ago 2019&#8243; _builder_version=&#8221;4.0.2&#8243; z_index_tablet=&#8221;500&#8243; author_text_shadow_horizontal_length_tablet=&#8221;0px&#8221; author_text_shadow_vertical_length_tablet=&#8221;0px&#8221; author_text_shadow_blur_strength_tablet=&#8221;1px&#8221; position_text_shadow_horizontal_length_tablet=&#8221;0px&#8221; position_text_shadow_vertical_length_tablet=&#8221;0px&#8221; position_text_shadow_blur_strength_tablet=&#8221;1px&#8221; company_text_shadow_horizontal_length_tablet=&#8221;0px&#8221; company_text_shadow_vertical_length_tablet=&#8221;0px&#8221; company_text_shadow_blur_strength_tablet=&#8221;1px&#8221; body_link_text_shadow_horizontal_length_tablet=&#8221;0px&#8221; body_link_text_shadow_vertical_length_tablet=&#8221;0px&#8221; body_link_text_shadow_blur_strength_tablet=&#8221;1px&#8221; body_ul_text_shadow_horizontal_length_tablet=&#8221;0px&#8221; body_ul_text_shadow_vertical_length_tablet=&#8221;0px&#8221; body_ul_text_shadow_blur_strength_tablet=&#8221;1px&#8221; body_ol_text_shadow_horizontal_length_tablet=&#8221;0px&#8221; body_ol_text_shadow_vertical_length_tablet=&#8221;0px&#8221; body_ol_text_shadow_blur_strength_tablet=&#8221;1px&#8221; body_quote_text_shadow_horizontal_length_tablet=&#8221;0px&#8221; body_quote_text_shadow_vertical_length_tablet=&#8221;0px&#8221; body_quote_text_shadow_blur_strength_tablet=&#8221;1px&#8221; box_shadow_horizontal_tablet=&#8221;0px&#8221; box_shadow_vertical_tablet=&#8221;0px&#8221; box_shadow_blur_tablet=&#8221;40px&#8221; box_shadow_spread_tablet=&#8221;0px&#8221; box_shadow_horizontal_image_tablet=&#8221;0px&#8221; box_shadow_vertical_image_tablet=&#8221;0px&#8221; box_shadow_blur_image_tablet=&#8221;40px&#8221; box_shadow_spread_image_tablet=&#8221;0px&#8221; text_shadow_horizontal_length_tablet=&#8221;0px&#8221; text_shadow_vertical_length_tablet=&#8221;0px&#8221; text_shadow_blur_strength_tablet=&#8221;1px&#8221;]<\/p>\n<h3>Bello<\/h3>\n<p>Hermoso y bello lugar, nos trataron con excelencia y amabilidad. Queremos regresar lo m\u00e1s pronto posible. Y si, absolutamente 100% recomiendo ese lugar, es un para\u00edso. La atenci\u00f3n que nos brind\u00f3 Foster was absolutely 1st class.[\/et_pb_testimonial][et_pb_testimonial author=&#8221;jjoglar&#8221; job_title=&#8221;Tripadvisor \u00b7 9 jul 2019&#8243; _builder_version=&#8221;4.0.2&#8243; z_index_tablet=&#8221;500&#8243; author_text_shadow_horizontal_length_tablet=&#8221;0px&#8221; author_text_shadow_vertical_length_tablet=&#8221;0px&#8221; author_text_shadow_blur_strength_tablet=&#8221;1px&#8221; position_text_shadow_horizontal_length_tablet=&#8221;0px&#8221; position_text_shadow_vertical_length_tablet=&#8221;0px&#8221; position_text_shadow_blur_strength_tablet=&#8221;1px&#8221; company_text_shadow_horizontal_length_tablet=&#8221;0px&#8221; company_text_shadow_vertical_length_tablet=&#8221;0px&#8221; company_text_shadow_blur_strength_tablet=&#8221;1px&#8221; body_link_text_shadow_horizontal_length_tablet=&#8221;0px&#8221; body_link_text_shadow_vertical_length_tablet=&#8221;0px&#8221; body_link_text_shadow_blur_strength_tablet=&#8221;1px&#8221; body_ul_text_shadow_horizontal_length_tablet=&#8221;0px&#8221; body_ul_text_shadow_vertical_length_tablet=&#8221;0px&#8221; body_ul_text_shadow_blur_strength_tablet=&#8221;1px&#8221; body_ol_text_shadow_horizontal_length_tablet=&#8221;0px&#8221; body_ol_text_shadow_vertical_length_tablet=&#8221;0px&#8221; body_ol_text_shadow_blur_strength_tablet=&#8221;1px&#8221; body_quote_text_shadow_horizontal_length_tablet=&#8221;0px&#8221; body_quote_text_shadow_vertical_length_tablet=&#8221;0px&#8221; body_quote_text_shadow_blur_strength_tablet=&#8221;1px&#8221; box_shadow_horizontal_tablet=&#8221;0px&#8221; box_shadow_vertical_tablet=&#8221;0px&#8221; box_shadow_blur_tablet=&#8221;40px&#8221; box_shadow_spread_tablet=&#8221;0px&#8221; box_shadow_horizontal_image_tablet=&#8221;0px&#8221; box_shadow_vertical_image_tablet=&#8221;0px&#8221; box_shadow_blur_image_tablet=&#8221;40px&#8221; box_shadow_spread_image_tablet=&#8221;0px&#8221; text_shadow_horizontal_length_tablet=&#8221;0px&#8221; text_shadow_vertical_length_tablet=&#8221;0px&#8221; text_shadow_blur_strength_tablet=&#8221;1px&#8221;]<\/p>\n<h3>Hotel Ideal<\/h3>\n<p>Excelente atenci\u00f3n del personal. La ubicaci\u00f3n es perfecta, una vista espectacular, excelente para ir en familia o de solteros. Tiene todo a la mano, diversi\u00f3n y restaurantes. Ya es la segunda vez que los visitamos y seguro seguiremos eligi\u00e9ndolos![\/et_pb_testimonial][et_pb_testimonial author=&#8221;AgentedeViajes1&#8243; job_title=&#8221;Tripadvisor \u00b7 12 jul 2019&#8243; _builder_version=&#8221;4.0.2&#8243; z_index_tablet=&#8221;500&#8243; author_text_shadow_horizontal_length_tablet=&#8221;0px&#8221; author_text_shadow_vertical_length_tablet=&#8221;0px&#8221; author_text_shadow_blur_strength_tablet=&#8221;1px&#8221; position_text_shadow_horizontal_length_tablet=&#8221;0px&#8221; position_text_shadow_vertical_length_tablet=&#8221;0px&#8221; position_text_shadow_blur_strength_tablet=&#8221;1px&#8221; company_text_shadow_horizontal_length_tablet=&#8221;0px&#8221; company_text_shadow_vertical_length_tablet=&#8221;0px&#8221; company_text_shadow_blur_strength_tablet=&#8221;1px&#8221; body_link_text_shadow_horizontal_length_tablet=&#8221;0px&#8221; body_link_text_shadow_vertical_length_tablet=&#8221;0px&#8221; body_link_text_shadow_blur_strength_tablet=&#8221;1px&#8221; body_ul_text_shadow_horizontal_length_tablet=&#8221;0px&#8221; body_ul_text_shadow_vertical_length_tablet=&#8221;0px&#8221; body_ul_text_shadow_blur_strength_tablet=&#8221;1px&#8221; body_ol_text_shadow_horizontal_length_tablet=&#8221;0px&#8221; body_ol_text_shadow_vertical_length_tablet=&#8221;0px&#8221; body_ol_text_shadow_blur_strength_tablet=&#8221;1px&#8221; body_quote_text_shadow_horizontal_length_tablet=&#8221;0px&#8221; body_quote_text_shadow_vertical_length_tablet=&#8221;0px&#8221; body_quote_text_shadow_blur_strength_tablet=&#8221;1px&#8221; box_shadow_horizontal_tablet=&#8221;0px&#8221; box_shadow_vertical_tablet=&#8221;0px&#8221; box_shadow_blur_tablet=&#8221;40px&#8221; box_shadow_spread_tablet=&#8221;0px&#8221; box_shadow_horizontal_image_tablet=&#8221;0px&#8221; box_shadow_vertical_image_tablet=&#8221;0px&#8221; box_shadow_blur_image_tablet=&#8221;40px&#8221; box_shadow_spread_image_tablet=&#8221;0px&#8221; text_shadow_horizontal_length_tablet=&#8221;0px&#8221; text_shadow_vertical_length_tablet=&#8221;0px&#8221; text_shadow_blur_strength_tablet=&#8221;1px&#8221;]<\/p>\n<h3>Vacaciones Especiales<\/h3>\n<p>Excelente ubicaci\u00f3n, en la mejor playa de Roatan, la vista es perfecta, la limpieza en todo el Hotel y la atenci\u00f3n de sus empleados es muy buena. Como hu\u00e9sped y agente de viajes lo Recomiendo al 100%. visitalo!!![\/et_pb_testimonial][\/et_pb_column][\/et_pb_row][et_pb_row column_structure=&#8221;1_2,1_2&#8243; _builder_version=&#8221;4.0.2&#8243;][et_pb_column type=&#8221;1_2&#8243; _builder_version=&#8221;4.0.2&#8243;][et_pb_image src=&#8221;https:\/\/fostersresort.com\/wp-content\/uploads\/2019\/05\/Fosters-dive-center-awards.jpg&#8221; align=&#8221;center&#8221; _builder_version=&#8221;3.24.1&#8243; z_index_tablet=&#8221;500&#8243; box_shadow_horizontal_tablet=&#8221;0px&#8221; box_shadow_vertical_tablet=&#8221;0px&#8221; box_shadow_blur_tablet=&#8221;40px&#8221; box_shadow_spread_tablet=&#8221;0px&#8221;][\/et_pb_image][\/et_pb_column][et_pb_column type=&#8221;1_2&#8243; _builder_version=&#8221;4.0.2&#8243;][et_pb_text _builder_version=&#8221;4.0.2&#8243; text_orientation=&#8221;center&#8221;]<\/p>\n<div id=\"TA_tchotel571\" class=\"TA_tchotel\">\n<ul id=\"dJSVCR2hW\" class=\"TA_links aUEMy2Lq6gX\">\n<li id=\"bn3PoYwJ9O\" class=\"EPmj3C3m\"><a target=\"_blank\" href=\"https:\/\/www.tripadvisor.com.mx\/Hotel_Review-g944573-d456484-Reviews-Foster_s_West_Bay-West_Bay_Roatan_Bay_Islands.html\" rel=\"noopener noreferrer\"><img decoding=\"async\" src=\"https:\/\/www.tripadvisor.com.mx\/img\/cdsi\/img2\/awards\/tchotel_2019_LL_TM-11655-2.jpg\" alt=\"TripAdvisor\"\/><\/a><\/li>\n<\/ul>\n<\/div>\n<p><script async src=\"https:\/\/www.jscache.com\/wejs?wtype=tchotel&amp;uniq=571&amp;locationId=456484&amp;lang=es_MX&amp;year=2019&amp;display_version=2\" data-loadtrk onload=\"this.loadtrk=true\"><\/script>[\/et_pb_text][\/et_pb_column][\/et_pb_row][\/et_pb_section]<\/p>\n","protected":false},"excerpt":{"rendered":"<p>Foster&#8217;s Resort Roatan Todo a tu alcance y una hermosa playa. Quiero decir gracias&#8230; Quiero decir gracias, podr\u00eda haber dado 5 estrellas, pero tengo que decir que el wifi era un poco lento \ud83d\ude0c muy buen servicio al cliente, precio excelente, mi habitaci\u00f3n muy limpia, comida deliciosa, no puedo esperar a volver&#8230; \u00bfQu\u00e9 m\u00e1s puedo [&hellip;]<\/p>\n","protected":false},"author":2,"featured_media":0,"parent":0,"menu_order":0,"comment_status":"closed","ping_status":"closed","template":"","meta":{"_et_pb_use_builder":"on","_et_pb_old_content":"","_et_gb_content_width":"","_joinchat":[],"footnotes":""},"class_list":["post-1052","page","type-page","status-publish","hentry"],"_links":{"self":[{"href":"https:\/\/fostersresort.com\/es\/wp-json\/wp\/v2\/pages\/1052","targetHints":{"allow":["GET"]}}],"collection":[{"href":"https:\/\/fostersresort.com\/es\/wp-json\/wp\/v2\/pages"}],"about":[{"href":"https:\/\/fostersresort.com\/es\/wp-json\/wp\/v2\/types\/page"}],"author":[{"embeddable":true,"href":"https:\/\/fostersresort.com\/es\/wp-json\/wp\/v2\/users\/2"}],"replies":[{"embeddable":true,"href":"https:\/\/fostersresort.com\/es\/wp-json\/wp\/v2\/comments?post=1052"}],"version-history":[{"count":13,"href":"https:\/\/fostersresort.com\/es\/wp-json\/wp\/v2\/pages\/1052\/revisions"}],"predecessor-version":[{"id":1106,"href":"https:\/\/fostersresort.com\/es\/wp-json\/wp\/v2\/pages\/1052\/revisions\/1106"}],"wp:attachment":[{"href":"https:\/\/fostersresort.com\/es\/wp-json\/wp\/v2\/media?parent=1052"}],"curies":[{"name":"wp","href":"https:\/\/api.w.org\/{rel}","templated":true}]}}