{"id":1023,"date":"2019-10-19T19:46:36","date_gmt":"2019-10-20T01:46:36","guid":{"rendered":"https:\/\/fostersresort.com\/contactos\/"},"modified":"2025-10-19T16:46:00","modified_gmt":"2025-10-19T22:46:00","slug":"contactos","status":"publish","type":"page","link":"https:\/\/fostersresort.com\/es\/contactos\/","title":{"rendered":"Contactos"},"content":{"rendered":"<p>[et_pb_section fb_built=&#8221;1&#8243; _builder_version=&#8221;4.16&#8243; background_image=&#8221;https:\/\/fostersresort.com\/wp-content\/uploads\/2018\/11\/bkgrgr.png&#8221; background_size=&#8221;initial&#8221; background_repeat=&#8221;repeat&#8221; custom_padding=&#8221;32px||2px|||&#8221; locked=&#8221;off&#8221; global_colors_info=&#8221;{}&#8221;][et_pb_row _builder_version=&#8221;4.16&#8243; width=&#8221;98%&#8221; custom_padding=&#8221;||2px|||&#8221; global_colors_info=&#8221;{}&#8221;][et_pb_column type=&#8221;4_4&#8243; _builder_version=&#8221;4.16&#8243; global_colors_info=&#8221;{}&#8221;][et_pb_text _builder_version=&#8221;4.16&#8243; header_font=&#8221;||||||||&#8221; header_font_size=&#8221;38px&#8221; min_height=&#8221;31px&#8221; custom_margin=&#8221;||20px|2%|false|false&#8221; global_colors_info=&#8221;{}&#8221;]<\/p>\n<h1>Contactos<\/h1>\n<p>[\/et_pb_text][\/et_pb_column][\/et_pb_row][\/et_pb_section][et_pb_section fb_built=&#8221;1&#8243; custom_padding_last_edited=&#8221;on|desktop&#8221; _builder_version=&#8221;4.16&#8243; background_color=&#8221;rgba(255,255,255,0.49)&#8221; max_width=&#8221;1366px&#8221; max_width_tablet=&#8221;&#8221; max_width_phone=&#8221;&#8221; max_width_last_edited=&#8221;on|desktop&#8221; module_alignment=&#8221;center&#8221; custom_margin=&#8221;||48px||false|false&#8221; custom_padding=&#8221;2px|28px||28px||true&#8221; custom_padding_tablet=&#8221;&#8221; custom_padding_phone=&#8221;|8px||8px|false|false&#8221; border_radii=&#8221;on|20px|20px|20px|20px&#8221; box_shadow_style=&#8221;preset3&#8243; global_colors_info=&#8221;{}&#8221;][et_pb_row _builder_version=&#8221;4.16&#8243; width=&#8221;98%&#8221; global_colors_info=&#8221;{}&#8221;][et_pb_column type=&#8221;4_4&#8243; _builder_version=&#8221;4.16&#8243; global_colors_info=&#8221;{}&#8221;][et_pb_text _builder_version=&#8221;4.16&#8243; text_font_size=&#8221;22px&#8221; custom_margin=&#8221;14px||-14px|||&#8221; custom_padding=&#8221;||0px|||&#8221; global_colors_info=&#8221;{}&#8221;]Estamos a la orden para responder sus consultas, puede usar los datos de contacto o el formulario presentes en esta p\u00e1gina, gracias![\/et_pb_text][\/et_pb_column][\/et_pb_row][et_pb_row column_structure=&#8221;3_5,2_5&#8243; _builder_version=&#8221;4.16&#8243; background_size=&#8221;initial&#8221; background_position=&#8221;top_left&#8221; background_repeat=&#8221;repeat&#8221; width=&#8221;98%&#8221; global_colors_info=&#8221;{}&#8221;][et_pb_column type=&#8221;3_5&#8243; _builder_version=&#8221;4.16&#8243; custom_padding=&#8221;|||&#8221; global_colors_info=&#8221;{}&#8221; custom_padding__hover=&#8221;|||&#8221;][et_pb_contact_form captcha=&#8221;off&#8221; email=&#8221;fostersresort@gmail.com, agostinosarnari@gmail.com&#8221; custom_message=&#8221;Name: %%Name%%||et_pb_line_break_holder||Email: %%Email%%||et_pb_line_break_holder||Phone: %%Phone%%||et_pb_line_break_holder||Nationality \/ Country: %%Nationality%%||et_pb_line_break_holder||Check In: %%Checkin%%||et_pb_line_break_holder||Check Out: %%Checkout%%||et_pb_line_break_holder||Guests: %%Guests%%||et_pb_line_break_holder||Rooms: %%Rooms%%||et_pb_line_break_holder||||et_pb_line_break_holder||%%Message%%%%Details%%&#8221; module_id=&#8221;et_pb_contact_form_0&#8243; _builder_version=&#8221;4.16&#8243; _unique_id=&#8221;234172e7-d6ce-43a7-91e8-530af8f77855&#8243; form_field_text_color=&#8221;#7a7a7a&#8221; form_field_font_size=&#8221;16px&#8221; z_index_tablet=&#8221;500&#8243; title_text_shadow_horizontal_length_tablet=&#8221;0px&#8221; title_text_shadow_vertical_length_tablet=&#8221;0px&#8221; title_text_shadow_blur_strength_tablet=&#8221;1px&#8221; captcha_text_shadow_horizontal_length_tablet=&#8221;0px&#8221; captcha_text_shadow_vertical_length_tablet=&#8221;0px&#8221; captcha_text_shadow_blur_strength_tablet=&#8221;1px&#8221; form_field_text_shadow_horizontal_length_tablet=&#8221;0px&#8221; form_field_text_shadow_vertical_length_tablet=&#8221;0px&#8221; form_field_text_shadow_blur_strength_tablet=&#8221;1px&#8221; button_text_shadow_horizontal_length_tablet=&#8221;0px&#8221; button_text_shadow_vertical_length_tablet=&#8221;0px&#8221; button_text_shadow_blur_strength_tablet=&#8221;1px&#8221; box_shadow_horizontal_tablet=&#8221;0px&#8221; box_shadow_vertical_tablet=&#8221;0px&#8221; box_shadow_blur_tablet=&#8221;40px&#8221; box_shadow_spread_tablet=&#8221;0px&#8221; box_shadow_horizontal_button_tablet=&#8221;0px&#8221; box_shadow_vertical_button_tablet=&#8221;0px&#8221; box_shadow_blur_button_tablet=&#8221;40px&#8221; box_shadow_spread_button_tablet=&#8221;0px&#8221; text_shadow_horizontal_length_tablet=&#8221;0px&#8221; text_shadow_vertical_length_tablet=&#8221;0px&#8221; text_shadow_blur_strength_tablet=&#8221;1px&#8221; global_colors_info=&#8221;{}&#8221;][et_pb_contact_field field_id=&#8221;Name&#8221; field_title=&#8221;Nombre Completo&#8221; _builder_version=&#8221;4.16&#8243; global_colors_info=&#8221;{}&#8221;][\/et_pb_contact_field][et_pb_contact_field field_id=&#8221;Email&#8221; field_title=&#8221;Email&#8221; field_type=&#8221;email&#8221; _builder_version=&#8221;4.16&#8243; global_colors_info=&#8221;{}&#8221;][\/et_pb_contact_field][et_pb_contact_field field_id=&#8221;Phone&#8221; field_title=&#8221;Tel\u00e9fono&#8221; required_mark=&#8221;off&#8221; _builder_version=&#8221;4.16&#8243; global_colors_info=&#8221;{}&#8221;][\/et_pb_contact_field][et_pb_contact_field field_id=&#8221;Nationality&#8221; field_title=&#8221;Nacionalidad&#8221; required_mark=&#8221;off&#8221; _builder_version=&#8221;4.16&#8243; global_colors_info=&#8221;{}&#8221;][\/et_pb_contact_field][et_pb_contact_field field_id=&#8221;Selector&#8221; field_title=&#8221;Solicitud de Reserva o Mensaje&#8221; field_type=&#8221;radio&#8221; radio_options=&#8221;%91{%22value%22:%22I&#8217;m cheking for avalaibility%22,%22checked%22:0},{%22value%22:%22I just want to send a message%22,%22checked%22:0}%93&#8243; fullwidth_field=&#8221;on&#8221; _builder_version=&#8221;4.16&#8243; global_colors_info=&#8221;{}&#8221;][\/et_pb_contact_field][et_pb_contact_field field_id=&#8221;Message&#8221; field_title=&#8221;Mensaje&#8221; field_type=&#8221;text&#8221; fullwidth_field=&#8221;on&#8221; conditional_logic=&#8221;on&#8221; conditional_logic_rules=&#8221;%91{%22field%22:%22selector%22,%22condition%22:%22is%22,%22value%22:%22I just want to send a message%22}%93&#8243; _builder_version=&#8221;4.16&#8243; global_colors_info=&#8221;{}&#8221;][\/et_pb_contact_field][et_pb_contact_field field_id=&#8221;Checkin&#8221; field_title=&#8221;Entrada&#8221; required_mark=&#8221;off&#8221; conditional_logic=&#8221;on&#8221; conditional_logic_rules=&#8221;%91{%22field%22:%22selector%22,%22condition%22:%22is%22,%22value%22:%22I&#8217;m cheking for avalaibility%22}%93&#8243; _builder_version=&#8221;4.16&#8243; global_colors_info=&#8221;{}&#8221;][\/et_pb_contact_field][et_pb_contact_field field_id=&#8221;Checkout&#8221; field_title=&#8221;Salida&#8221; required_mark=&#8221;off&#8221; conditional_logic=&#8221;on&#8221; conditional_logic_rules=&#8221;%91{%22field%22:%22selector%22,%22condition%22:%22is%22,%22value%22:%22I&#8217;m cheking for avalaibility%22}%93&#8243; _builder_version=&#8221;4.16&#8243; global_colors_info=&#8221;{}&#8221;][\/et_pb_contact_field][et_pb_contact_field field_id=&#8221;Guests&#8221; field_title=&#8221;Hu\u00e9spedes&#8221; field_type=&#8221;select&#8221; select_options=&#8221;%91{%22value%22:%221%22,%22checked%22:0},{%22value%22:%222%22,%22checked%22:0},{%22value%22:%223%22,%22checked%22:0},{%22value%22:%224%22,%22checked%22:0},{%22value%22:%225%22,%22checked%22:0},{%22value%22:%226%22,%22checked%22:0},{%22value%22:%227%22,%22checked%22:0},{%22value%22:%228%22,%22checked%22:0},{%22value%22:%229%22,%22checked%22:0},{%22value%22:%2210%22,%22checked%22:0},{%22value%22:%2211%22,%22checked%22:0},{%22value%22:%2212%22,%22checked%22:0},{%22value%22:%2213%22,%22checked%22:0},{%22value%22:%2214%22,%22checked%22:0},{%22value%22:%2215%22,%22checked%22:0},{%22value%22:%2216%22,%22checked%22:0},{%22value%22:%2217%22,%22checked%22:0},{%22value%22:%2218%22,%22checked%22:0},{%22value%22:%2219%22,%22checked%22:0},{%22value%22:%2220%22,%22checked%22:0}%93&#8243; conditional_logic=&#8221;on&#8221; conditional_logic_rules=&#8221;%91{%22field%22:%22selector%22,%22condition%22:%22is%22,%22value%22:%22I&#8217;m cheking for avalaibility%22}%93&#8243; _builder_version=&#8221;4.16&#8243; form_field_font_size=&#8221;16&#8243; form_field_font_size_tablet=&#8221;16&#8243; form_field_font_size_phone=&#8221;16&#8243; global_colors_info=&#8221;{}&#8221;][\/et_pb_contact_field][et_pb_contact_field field_id=&#8221;Rooms&#8221; field_title=&#8221;Habitaciones&#8221; field_type=&#8221;select&#8221; select_options=&#8221;%91{%22value%22:%221%22,%22checked%22:0},{%22value%22:%222%22,%22checked%22:0},{%22value%22:%223%22,%22checked%22:0},{%22value%22:%224%22,%22checked%22:0},{%22value%22:%225%22,%22checked%22:0},{%22value%22:%226%22,%22checked%22:0},{%22value%22:%227%22,%22checked%22:0},{%22value%22:%228%22,%22checked%22:0}%93&#8243; conditional_logic=&#8221;on&#8221; conditional_logic_rules=&#8221;%91{%22field%22:%22selector%22,%22condition%22:%22is%22,%22value%22:%22I&#8217;m cheking for avalaibility%22}%93&#8243; _builder_version=&#8221;4.16&#8243; form_field_font_size=&#8221;16&#8243; form_field_font_size_tablet=&#8221;16&#8243; form_field_font_size_phone=&#8221;16&#8243; global_colors_info=&#8221;{}&#8221;][\/et_pb_contact_field][et_pb_contact_field field_id=&#8221;Room_Type&#8221; field_title=&#8221;Tipo de Habitaci\u00f3n&#8221; field_type=&#8221;select&#8221; select_options=&#8221;%91{%22value%22:%221 Room Apartment%22,%22checked%22:0},{%22value%22:%222 Rooms Apartment%22,%22checked%22:0},{%22value%22:%221 Room Bungalow%22,%22checked%22:0},{%22value%22:%222 Rooms Bungalow%22,%22checked%22:0},{%22value%22:%223 Rooms Bungalow%22,%22checked%22:0},{%22value%22:%22Beachfront Bungalow%22,%22checked%22:0},{%22value%22:%22Double Room%22,%22checked%22:0},{%22value%22:%22Tree House%22,%22checked%22:0}%93&#8243; required_mark=&#8221;off&#8221; conditional_logic=&#8221;on&#8221; conditional_logic_rules=&#8221;%91{%22field%22:%22selector%22,%22condition%22:%22is%22,%22value%22:%22I&#8217;m cheking for avalaibility%22}%93&#8243; field_title_tablet=&#8221;Room Type&#8221; field_title_phone=&#8221;Room Type&#8221; _builder_version=&#8221;4.16&#8243; form_field_font_size_tablet=&#8221;16&#8243; form_field_font_size_phone=&#8221;16&#8243; background_color_gradient_direction_tablet=&#8221;180deg&#8221; background_color_gradient_direction_phone=&#8221;180deg&#8221; background_color_gradient_stops_tablet=&#8221;#2b87da 0%|#29c4a9 100%&#8221; background_color_gradient_stops_phone=&#8221;#2b87da 0%|#29c4a9 100%&#8221; background_color_gradient_start_position_tablet=&#8221;0%&#8221; background_color_gradient_start_position_phone=&#8221;0%&#8221; background_color_gradient_end_position_tablet=&#8221;100%&#8221; background_color_gradient_end_position_phone=&#8221;100%&#8221; hover_transition_duration_tablet=&#8221;300ms&#8221; hover_transition_duration_phone=&#8221;300ms&#8221; hover_transition_delay_tablet=&#8221;0ms&#8221; hover_transition_delay_phone=&#8221;0ms&#8221; form_field_text_shadow_horizontal_length_tablet=&#8221;0px&#8221; form_field_text_shadow_horizontal_length_phone=&#8221;0px&#8221; form_field_text_shadow_vertical_length_tablet=&#8221;0px&#8221; form_field_text_shadow_vertical_length_phone=&#8221;0px&#8221; form_field_text_shadow_blur_strength_tablet=&#8221;1px&#8221; form_field_text_shadow_blur_strength_phone=&#8221;1px&#8221; box_shadow_horizontal_tablet=&#8221;0px&#8221; box_shadow_horizontal_phone=&#8221;0px&#8221; box_shadow_vertical_tablet=&#8221;0px&#8221; box_shadow_vertical_phone=&#8221;0px&#8221; box_shadow_blur_tablet=&#8221;40px&#8221; box_shadow_blur_phone=&#8221;40px&#8221; box_shadow_spread_tablet=&#8221;0px&#8221; box_shadow_spread_phone=&#8221;0px&#8221; global_colors_info=&#8221;{}&#8221;][\/et_pb_contact_field][et_pb_contact_field field_id=&#8221;Arrival&#8221; field_title=&#8221;Hora de llegada&#8221; conditional_logic=&#8221;on&#8221; conditional_logic_rules=&#8221;%91{%22field%22:%22selector%22,%22condition%22:%22is%22,%22value%22:%22I&#8217;m cheking for avalaibility%22}%93&#8243; _builder_version=&#8221;4.16&#8243; global_colors_info=&#8221;{}&#8221;][\/et_pb_contact_field][et_pb_contact_field field_id=&#8221;Details&#8221; field_title=&#8221;Detalles&#8221; field_type=&#8221;text&#8221; fullwidth_field=&#8221;on&#8221; conditional_logic=&#8221;on&#8221; conditional_logic_rules=&#8221;%91{%22field%22:%22selector%22,%22condition%22:%22is%22,%22value%22:%22I&#8217;m cheking for avalaibility%22}%93&#8243; _builder_version=&#8221;4.16&#8243; global_colors_info=&#8221;{}&#8221;][\/et_pb_contact_field][\/et_pb_contact_form][\/et_pb_column][et_pb_column type=&#8221;2_5&#8243; _builder_version=&#8221;4.16&#8243; custom_padding=&#8221;|||&#8221; global_colors_info=&#8221;{}&#8221; custom_padding__hover=&#8221;|||&#8221;][et_pb_text _builder_version=&#8221;4.27.4&#8243; header_3_text_color=&#8221;#66666b&#8221; header_3_font_size=&#8221;23px&#8221; hover_enabled=&#8221;0&#8243; z_index_tablet=&#8221;500&#8243; text_text_shadow_horizontal_length_tablet=&#8221;0px&#8221; text_text_shadow_vertical_length_tablet=&#8221;0px&#8221; text_text_shadow_blur_strength_tablet=&#8221;1px&#8221; link_text_shadow_horizontal_length_tablet=&#8221;0px&#8221; link_text_shadow_vertical_length_tablet=&#8221;0px&#8221; link_text_shadow_blur_strength_tablet=&#8221;1px&#8221; ul_text_shadow_horizontal_length_tablet=&#8221;0px&#8221; ul_text_shadow_vertical_length_tablet=&#8221;0px&#8221; ul_text_shadow_blur_strength_tablet=&#8221;1px&#8221; ol_text_shadow_horizontal_length_tablet=&#8221;0px&#8221; ol_text_shadow_vertical_length_tablet=&#8221;0px&#8221; ol_text_shadow_blur_strength_tablet=&#8221;1px&#8221; quote_text_shadow_horizontal_length_tablet=&#8221;0px&#8221; quote_text_shadow_vertical_length_tablet=&#8221;0px&#8221; quote_text_shadow_blur_strength_tablet=&#8221;1px&#8221; header_text_shadow_horizontal_length_tablet=&#8221;0px&#8221; header_text_shadow_vertical_length_tablet=&#8221;0px&#8221; header_text_shadow_blur_strength_tablet=&#8221;1px&#8221; header_2_text_shadow_horizontal_length_tablet=&#8221;0px&#8221; header_2_text_shadow_vertical_length_tablet=&#8221;0px&#8221; header_2_text_shadow_blur_strength_tablet=&#8221;1px&#8221; header_3_text_shadow_horizontal_length_tablet=&#8221;0px&#8221; header_3_text_shadow_vertical_length_tablet=&#8221;0px&#8221; header_3_text_shadow_blur_strength_tablet=&#8221;1px&#8221; header_4_text_shadow_horizontal_length_tablet=&#8221;0px&#8221; header_4_text_shadow_vertical_length_tablet=&#8221;0px&#8221; header_4_text_shadow_blur_strength_tablet=&#8221;1px&#8221; header_5_text_shadow_horizontal_length_tablet=&#8221;0px&#8221; header_5_text_shadow_vertical_length_tablet=&#8221;0px&#8221; header_5_text_shadow_blur_strength_tablet=&#8221;1px&#8221; header_6_text_shadow_horizontal_length_tablet=&#8221;0px&#8221; header_6_text_shadow_vertical_length_tablet=&#8221;0px&#8221; header_6_text_shadow_blur_strength_tablet=&#8221;1px&#8221; box_shadow_horizontal_tablet=&#8221;0px&#8221; box_shadow_vertical_tablet=&#8221;0px&#8221; box_shadow_blur_tablet=&#8221;40px&#8221; box_shadow_spread_tablet=&#8221;0px&#8221; global_colors_info=&#8221;{}&#8221; sticky_enabled=&#8221;0&#8243; locked=&#8221;off&#8221;]<\/p>\n<p><strong><img loading=\"lazy\" decoding=\"async\" src=\"https:\/\/fostersresort.com\/wp-content\/uploads\/2019\/07\/circle-logo-f.png\" width=\"118\" height=\"131\" alt=\"\" class=\"wp-image-700 aligncenter size-full\" srcset=\"https:\/\/fostersresort.com\/wp-content\/uploads\/2019\/07\/circle-logo-f.png 358w, https:\/\/fostersresort.com\/wp-content\/uploads\/2019\/07\/circle-logo-f-270x300.png 270w\" sizes=\"(max-width: 118px) 100vw, 118px\" \/><\/strong><\/p>\n<h3 style=\"text-align: center;\"><strong>FOSTER&#8217;S RESORT<\/strong><\/h3>\n<p style=\"text-align: center;\"><strong>West Bay, Roatan, Islas de la Bah\u00eda, Honduras.<\/strong><\/p>\n<p style=\"text-align: center;\"><span><strong>Recepci\u00f3n \/ WhatsApp<\/strong><br \/>+504 9629-1235 \/ +504 9683-6312<\/span><\/p>\n<p style=\"text-align: center;\"><span><strong>Oficina:<\/strong><br \/>+504 2437-1009<\/span><\/p>\n<p style=\"text-align: center;\"><span><strong>Mail<\/strong><br \/><\/span><a href=\"mailto:info@fostersresort.com\" target=\"_blank\" rel=\"noopener\">info@fostersresort.com<\/a><\/p>\n<hr \/>\n<p><span class=\"c0\">\u00a0<\/span><\/p>\n<p>[\/et_pb_text][et_pb_map google_api_key=&#8221;AIzaSyBJPCw-xnpPhglpdZJYn2nuXX93cbV_Myc&#8221; address=&#8221;West End Road Roatan honduras&#8221; address_lat=&#8221;16.279233493428507&#8243; address_lng=&#8221;-86.5995443289969&#8243; _builder_version=&#8221;4.16&#8243; z_index_tablet=&#8221;500&#8243; box_shadow_horizontal_tablet=&#8221;0px&#8221; box_shadow_vertical_tablet=&#8221;0px&#8221; box_shadow_blur_tablet=&#8221;40px&#8221; box_shadow_spread_tablet=&#8221;0px&#8221; global_colors_info=&#8221;{}&#8221;][\/et_pb_map][\/et_pb_column][\/et_pb_row][\/et_pb_section]<\/p>\n","protected":false},"excerpt":{"rendered":"<p>ContactosEstamos a la orden para responder sus consultas, puede usar los datos de contacto o el formulario presentes en esta p\u00e1gina, gracias! FOSTER&#8217;S RESORT West Bay, Roatan, Islas de la Bah\u00eda, Honduras. Recepci\u00f3n \/ WhatsApp+504 9629-1235 \/ +504 9683-6312 Oficina:+504 2437-1009 Mailinfo@fostersresort.com \u00a0<\/p>\n","protected":false},"author":2,"featured_media":0,"parent":0,"menu_order":0,"comment_status":"closed","ping_status":"closed","template":"","meta":{"_et_pb_use_builder":"on","_et_pb_old_content":"","_et_gb_content_width":"","_joinchat":[],"footnotes":""},"class_list":["post-1023","page","type-page","status-publish","hentry"],"_links":{"self":[{"href":"https:\/\/fostersresort.com\/es\/wp-json\/wp\/v2\/pages\/1023","targetHints":{"allow":["GET"]}}],"collection":[{"href":"https:\/\/fostersresort.com\/es\/wp-json\/wp\/v2\/pages"}],"about":[{"href":"https:\/\/fostersresort.com\/es\/wp-json\/wp\/v2\/types\/page"}],"author":[{"embeddable":true,"href":"https:\/\/fostersresort.com\/es\/wp-json\/wp\/v2\/users\/2"}],"replies":[{"embeddable":true,"href":"https:\/\/fostersresort.com\/es\/wp-json\/wp\/v2\/comments?post=1023"}],"version-history":[{"count":16,"href":"https:\/\/fostersresort.com\/es\/wp-json\/wp\/v2\/pages\/1023\/revisions"}],"predecessor-version":[{"id":1543,"href":"https:\/\/fostersresort.com\/es\/wp-json\/wp\/v2\/pages\/1023\/revisions\/1543"}],"wp:attachment":[{"href":"https:\/\/fostersresort.com\/es\/wp-json\/wp\/v2\/media?parent=1023"}],"curies":[{"name":"wp","href":"https:\/\/api.w.org\/{rel}","templated":true}]}}